{"id":254,"date":"2016-11-04T16:50:35","date_gmt":"2016-11-04T15:50:35","guid":{"rendered":"http:\/\/www.scuoladimusicafamous.it\/wordp\/?page_id=254"},"modified":"2016-12-20T18:18:36","modified_gmt":"2016-12-20T17:18:36","slug":"privacy","status":"publish","type":"page","link":"https:\/\/www.scuoladimusicafamous.it\/?page_id=254","title":{"rendered":"Privacy"},"content":{"rendered":"<p><strong>Informativa privacy<\/strong><\/p>\n<p style=\"text-align: justify;\">Ai sensi del Dlgs 196\/2003, Codice in materia di protezione dei dati personali, La informiamo che i dati a Lei relativi, che ci fornir\u00e0 o ha fornito tramite la registrazione al nostro sito web o l\u2019invio di moduli, verranno trattati con correttezza, liceit\u00e0 e trasparenza nel pieno rispetto della Legge oltre che nel rispetto degli obblighi di sicurezza, tutelando la Sua riservatezza ed i Suoi diritti.<br \/>\nIn ossequio a tale norma Le forniamo le seguenti informazioni.<br \/>\nNatura dei dati trattati<\/p>\n<p style=\"text-align: justify;\">I dati personali da noi trattati, inseriti, e costituiti da dati anagrafici e altri dati quali ad esempio, azienda, recapito telefonico ecc, sono definiti dalla legge come dati personali comuni.<br \/>\nFinalit\u00e0 del trattamento<br \/>\nI Suoi dati saranno trattati dai nostri incaricati esclusivamente per presentarLe i nostri servizi. In tal senso potr\u00e0 essere contattato dalla Scuola di Musica \u201cFamous\u201d, ai recapiti da Lei indicatici, al fine di fissare incontri e\/o colloqui di approfondimento.<br \/>\nModalit\u00e0 del trattamento<br \/>\nIl trattamento dei dati avverr\u00e0 mediante l\u2019utilizzo di strumenti e procedure idonei a garantirne la massima sicurezza e riservatezza e potr\u00e0 essere effettuato sia mediante supporti cartacei, sia con l\u2019ausilio di mezzi informatici e telematici. In tal senso i dati potranno essere conservati sia in archivi cartacei che elettronici, in modo da consentire l\u2019individuazione di dati aggregati o specifici. I Suoi dati saranno conservati, a partire dal loro ricevimento, per un periodo congruo rispetto alle finalit\u00e0 di trattamento sopra riportate, dopo di ch\u00e9 verranno cancellati o resi anonimi.<br \/>\nObbligo o facolt\u00e0 di conferire i dati<br \/>\nIl conferimento dei dati personali \u00e8 obbligatorio per la registrazione al sito web e per essere contattati direttamente da un nostro referente.<br \/>\nAmbito di conoscenza dei dati dell\u2019interessato<br \/>\nI soggetti che possono venire a conoscenza dei Suoi dati personali nei limiti strettamente necessari per adempiere alle finalit\u00e0 sopra esposte, sono soggetti incaricati al trattamento dei dati personali dalla Scuola di Musica \u201cFamous\u201d e da societ\u00e0 ad essa collegate.<br \/>\nLa informiamo, inoltre, che i Suoi dati potrebbero essere conservati presso societ\u00e0 terze che offrono servizi di c.d. \u201chosting\u201d, le quali, in tal caso, saranno nominate quali responsabili del trattamento. Nell\u2019ambito delle finalit\u00e0 indicate nella presente informativa, i Suoi dati potrebbero essere comunicati anche nell\u2019ambito dell\u2019Unione Europea od extra UE.<br \/>\nAl di fuori delle ipotesi e delle finalit\u00e0 di trattamento sopra elencate, nessun dato da Lei fornito tramite la registrazione al nostro sito web sar\u00e0 comunicato, con tale termine intendendosi il darne conoscenza ad uno o pi\u00f9 soggetti determinati, o diffusi, con tale termine intendendosi il darne conoscenza a soggetti indeterminati in qualunque modo, anche mediante la loro messa a\u00a0 disposizione o consultazione.<br \/>\nE\u2019 Sua facolt\u00e0 richiedere al Titolare in qualsiasi momento un elenco esaustivo dei soggetti a cui i suoi dati possono essere comunicati.<br \/>\n2. I diritti dell\u2019interessato \u2013 (Artt. 7-8-9-10 del Decreto Legislativo 30 Giugno 2003 n.196 \u2013 Codice in materia di protezione dei dati personali)<br \/>\n<strong> Art. 7 (Diritto di accesso ai dati personali ed altri diritti)<\/strong><br \/>\n1. L\u2019interessato ha diritto di ottenere la conferma dell\u2019esistenza o meno di dati personali che lo riguardano, anche se non ancora registrati, e la loro comunicazione in forma intelligibile.<br \/>\n2. L\u2019interessato ha diritto di ottenere l\u2019indicazione: dell\u2019origine dei dati personali;<br \/>\ndelle finalit\u00e0 e modalit\u00e0 del trattamento; della logica applicata in caso di trattamento effettuato con l\u2019ausilio di strumenti elettronici; degli estremi identificativi del titolare, dei responsabili e del rappresentante designato ai sensi dell\u2019articolo 5, comma 2; dei soggetti o delle categorie di soggetti ai quali i dati personali possono essere comunicati o che possono venirne a conoscenza in qualit\u00e0 di rappresentante designato nel territorio dello Stato, di responsabili o incaricati.<br \/>\n3. L\u2019interessato ha diritto di ottenere:<br \/>\nl\u2019aggiornamento, la rettificazione ovvero, quando vi ha interesse, l\u2019integrazione dei dati;<br \/>\nla cancellazione, la trasformazione in forma anonima o il blocco dei dati trattati in violazione di legge, compresi quelli di cui non \u00e8 necessaria la conservazione in relazione agli scopi per i quali i dati sono stati raccolti o successivamente trattati; l\u2019attestazione che le operazioni di cui alle lettere a) e b) sono state portate a conoscenza, anche<br \/>\nper quanto riguarda il loro contenuto, di coloro ai quali i dati sono stati comunicati o diffusi, eccettuato il caso in cui tale adempimento si rivela impossibile o comporta un impiego di mezzi manifestamente sproporzionato rispetto al diritto tutelato.<br \/>\n4. L\u2019interessato ha diritto di opporsi, in tutto o in parte:<br \/>\nper motivi legittimi al trattamento dei dati personali che lo riguardano, ancorch\u00e9 pertinenti allo scopo della raccolta; al trattamento di dati personali che lo riguardano a fini di invio di materiale pubblicitario o di vendita diretta o per il compimento di ricerche di mercato o di comunicazione commerciale.<br \/>\n<strong> Art. 8 (Esercizio dei diritti)<\/strong><br \/>\n1. I diritti di cui all\u2019articolo 7 sono esercitati con richiesta rivolta senza formalit\u00e0 al titolare o al responsabile, anche per il tramite di un incaricato, alla quale \u00e8 fornito idoneo riscontro senza ritardo.<br \/>\n2. I diritti di cui all\u2019articolo 7 non possono essere esercitati con richiesta al titolare o al<br \/>\nresponsabile o con ricorso ai sensi dell\u2019articolo 145, se i trattamenti di dati personali sono<br \/>\neffettuati: in base alle disposizioni del decreto-legge 3 maggio 1991, n. 143, convertito, con modificazioni, dalla legge luglio 1991, n. 197, e successive modificazioni, in materia di riciclaggio; in base alle disposizioni del decreto-legge 31 dicembre 1991, n. 419, convertito, con modificazioni, dalla legge 18 febbraio 1992, n. 172, e successive modificazioni, in materia di sostegno alle vittime di richieste estorsive; da Commissioni parlamentari d\u2019inchiesta istituite ai sensi dell\u2019articolo 82 della Costituzione;<br \/>\nd) da un soggetto pubblico, diverso dagli enti pubblici economici, in base ad espressa disposizione di legge, per esclusive finalit\u00e0 inerenti alla politica monetaria e valutaria, al sistema dei pagamenti, al controllo degli intermediari e dei mercati creditizi e finanziari, nonch\u00e9 alla tutela della loro stabilit\u00e0; ai sensi dell\u2019articolo 24, comma 1, lettera f), limitatamente al periodo durante il quale potrebbe derivarne un pregiudizio effettivo e concreto per lo svolgimento delle investigazioni difensive o per l\u2019esercizio del diritto in sede giudiziaria; da fornitori di servizi di comunicazione elettronica accessibili al pubblico relativamente a comunicazioni telefoniche in entrata, salvo che possa derivarne un pregiudizio effettivo e concreto per lo svolgimento delle investigazioni difensive di cui alla legge 7 dicembre 2000, n. 397; per ragioni di giustizia, presso uffici giudiziari di ogni ordine e grado o il Consiglio superiore della magistratura o altri organi di autogoverno o il Ministero della giustizia; ai sensi dell\u2019articolo 53, fermo restando quanto previsto dalla legge 1 aprile 1981, n. 121.<br \/>\n3. Il Garante, anche su segnalazione dell\u2019interessato, nei casi di cui al comma 2, lettere a), b), d), e) ed f) provvede nei modi di cui agli articoli 157, 158 e 159 e, nei casi di cui alle lettere c), g) ed h) del medesimo comma, provvede nei modi di cui all\u2019articolo 160.<br \/>\n4. L\u2019esercizio dei diritti di cui all\u2019articolo 7, quando non riguarda dati di carattere oggettivo, pu\u00f2 avere luogo salvo che concerna la rettificazione o l\u2019integrazione di dati personali di tipo valutativo, relativi a giudizi, opinioni o ad altri apprezzamenti di tipo soggettivo, nonch\u00e9 l\u2019indicazione di condotte da tenersi o di decisioni in via di assunzione da parte del titolare del trattamento.<br \/>\n<strong> Art. 9 (Modalit\u00e0 di esercizio)<\/strong><br \/>\n1. La richiesta rivolta al titolare o al responsabile pu\u00f2 essere trasmessa anche mediante lettera raccomandata, telefax o posta elettronica. Il Garante pu\u00f2 individuare altro idoneo sistema in riferimento a nuove soluzioni tecnologiche. Quando riguarda l\u2019esercizio dei diritti di cui all\u2019articolo 7, commi 1 e 2, la richiesta pu\u00f2 essere formulata anche oralmente e in tal caso \u00e8 annotata sinteticamente a cura dell\u2019incaricato o del responsabile.<br \/>\n2. Nell\u2019esercizio dei diritti di cui all\u2019articolo 7 l\u2019interessato pu\u00f2 conferire, per iscritto, delega o procura a persone fisiche, enti, associazioni od organismi. L\u2019interessato pu\u00f2, altres\u00ec, farsi assistere da una persona di fiducia.<br \/>\n3. I diritti di cui all\u2019articolo 7 riferiti a dati personali concernenti persone decedute possono essere esercitati da chi ha un interesse proprio, o agisce a tutela dell\u2019interessato o per ragioni familiari meritevoli di protezione.<br \/>\n4. L\u2019identit\u00e0 dell\u2019interessato \u00e8 verificata sulla base di idonei elementi di valutazione, anche mediante atti o documenti disponibili o esibizione o allegazione di copia di un documento di riconoscimento. La persona che agisce per conto dell\u2019interessato esibisce o allega copia della procura, ovvero della delega sottoscritta in presenza di un incaricato o sottoscritta e presentata unitamente a copia fotostatica non autenticata di un documento di riconoscimento dell\u2019interessato. Se l\u2019interessato \u00e8 una persona giuridica, un ente o un\u2019associazione, la richiesta \u00e8 avanzata dalla persona fisica legittimata in base ai rispettivi statuti od ordinamenti.<br \/>\n5. La richiesta di cui all\u2019articolo 7, commi 1 e 2, \u00e8 formulata liberamente e senza costrizioni e pu\u00f2 essere rinnovata, salva l\u2019esistenza di giustificati motivi, con intervallo non minore di novanta giorni.<br \/>\n<strong> Art. 10 (Riscontro all\u2019interessato)<\/strong><br \/>\n1. Per garantire l\u2019effettivo esercizio dei diritti di cui all\u2019articolo 7 il titolare del trattamento \u00e8 tenuto ad adottare idonee misure volte, in particolare: ad agevolare l\u2019accesso ai dati personali da parte dell\u2019interessato, anche attraverso l\u2019impiego di appositi programmi per elaboratore finalizzati ad un\u2019accurata selezione dei dati che riguardano singoli interessati identificati o identificabili; a semplificare le modalit\u00e0 e a ridurre i tempi per il riscontro al richiedente, anche nell\u2019ambito di uffici o servizi preposti alle relazioni con il pubblico.<br \/>\n2. I dati sono estratti a cura del responsabile o degli incaricati e possono essere comunicati al richiedente anche oralmente, ovvero offerti in visione mediante strumenti elettronici, sempre che in tali casi la comprensione dei dati sia agevole, considerata anche la qualit\u00e0 e la quantit\u00e0 delle informazioni. Se vi \u00e8 richiesta, si provvede alla trasposizione dei dati su supporto cartaceo o informatico, ovvero alla loro trasmissione per via telematica.<br \/>\n3. Salvo che la richiesta sia riferita ad un particolare trattamento o a specifici dati personali o categorie di dati personali, il riscontro all\u2019interessato comprende tutti i dati personali che riguardano l\u2019interessato comunque trattati dal titolare. Se la richiesta \u00e8 rivolta ad un esercente una professione sanitaria o ad un organismo sanitario si osserva la disposizione di cui all\u2019articolo 84, comma 1.<br \/>\n4. Quando l\u2019estrazione dei dati risulta particolarmente difficoltosa il riscontro alla richiesta<br \/>\ndell\u2019interessato pu\u00f2 avvenire anche attraverso l\u2019esibizione o la consegna in copia di atti e documenti contenenti i dati personali richiesti.<br \/>\n5. Il diritto di ottenere la comunicazione in forma intelligibile dei dati non riguarda dati personali relativi a terzi, salvo che la scomposizione dei dati trattati o la privazione di alcuni elementi renda<br \/>\nincomprensibili i dati personali relativi all\u2019interessato.<br \/>\n6. La comunicazione dei dati \u00e8 effettuata in forma intelligibile anche attraverso l\u2019utilizzo di una grafia comprensibile. In caso di comunicazione di codici o sigle sono forniti, anche mediante gli incaricati, i parametri per la comprensione del relativo significato.<br \/>\n7. Quando, a seguito della richiesta di cui all\u2019articolo 7, commi 1 e 2, lettere a), b) e c) non risulta confermata l\u2019esistenza di dati che riguardano l\u2019interessato, pu\u00f2 essere chiesto un contributo spese non eccedente i costi effettivamente sopportati per la ricerca effettuata nel caso specifico.<br \/>\n8. Il contributo di cui al comma 7 non pu\u00f2 comunque superare l\u2019importo determinato dal Garante con provvedimento di carattere generale, che pu\u00f2 individuarlo forfettariamente in relazione al caso in cui i dati sono trattati con strumenti elettronici e la risposta \u00e8 fornita oralmente. Con il medesimo provvedimento il Garante pu\u00f2 prevedere che il contributo possa essere chiesto quando i dati personali figurano su uno speciale supporto del quale \u00e8 richiesta specificamente la riproduzione, oppure quando, presso uno o pi\u00f9 titolari, si determina un notevole impiego di mezzi in relazione alla complessit\u00e0 o all\u2019entit\u00e0 delle richieste ed \u00e8 confermata l\u2019esistenza di dati che riguardano l\u2019interessato.<br \/>\n9. Il contributo di cui ai commi 7 e 8 \u00e8 corrisposto anche mediante versamento postale o bancario, ovvero mediante carta di pagamento o di credito, ove possibile all\u2019atto della ricezione del riscontro e comunque non oltre quindici giorni da tale riscontro.<br \/>\nTitolare e responsabili del trattamento:<br \/>\nTitolare del trattamento dei dati forniti dagli utenti \u00e8 la Scuola di Musica \u201cFamous\u201d di Anna Maria Di Mezza &#8211; Via Marzi, 51 &#8211; 03032 Arce (FR).<\/p>\n<p>&nbsp;<\/p>\n","protected":false},"excerpt":{"rendered":"<p>Informativa privacy Ai sensi del Dlgs 196\/2003, Codice in materia di protezione dei dati personali, La informiamo che i dati a Lei relativi, che ci fornir\u00e0 o ha fornito tramite la registrazione al nostro sito web o l\u2019invio di moduli, verranno trattati con correttezza, liceit\u00e0 e trasparenza nel pieno rispetto della Legge oltre che nel [&hellip;]<\/p>\n","protected":false},"author":1,"featured_media":0,"parent":0,"menu_order":0,"comment_status":"closed","ping_status":"closed","template":"","meta":{"footnotes":""},"jetpack_sharing_enabled":true,"_links":{"self":[{"href":"https:\/\/www.scuoladimusicafamous.it\/index.php?rest_route=\/wp\/v2\/pages\/254"}],"collection":[{"href":"https:\/\/www.scuoladimusicafamous.it\/index.php?rest_route=\/wp\/v2\/pages"}],"about":[{"href":"https:\/\/www.scuoladimusicafamous.it\/index.php?rest_route=\/wp\/v2\/types\/page"}],"author":[{"embeddable":true,"href":"https:\/\/www.scuoladimusicafamous.it\/index.php?rest_route=\/wp\/v2\/users\/1"}],"replies":[{"embeddable":true,"href":"https:\/\/www.scuoladimusicafamous.it\/index.php?rest_route=%2Fwp%2Fv2%2Fcomments&post=254"}],"version-history":[{"count":0,"href":"https:\/\/www.scuoladimusicafamous.it\/index.php?rest_route=\/wp\/v2\/pages\/254\/revisions"}],"wp:attachment":[{"href":"https:\/\/www.scuoladimusicafamous.it\/index.php?rest_route=%2Fwp%2Fv2%2Fmedia&parent=254"}],"curies":[{"name":"wp","href":"https:\/\/api.w.org\/{rel}","templated":true}]}}